{"id":91,"date":"2019-07-04T08:14:18","date_gmt":"2019-07-04T08:14:18","guid":{"rendered":"http:\/\/172.16.16.52\/?page_id=91"},"modified":"2024-12-04T12:52:29","modified_gmt":"2024-12-04T12:52:29","slug":"scientific-program","status":"publish","type":"page","link":"https:\/\/imcidu.idu.edu.tr\/index.php\/scientific-program\/","title":{"rendered":"Bilimsel Program"},"content":{"rendered":"<p>Bilimsel program a\u015fa\u011f\u0131daki gibidir.<\/p>\n<p><a href=\"http:\/\/imcidu.idu.edu.tr\/wp-content\/uploads\/2024\/12\/04.12.2024-6TH-IMCIDU.pdf\">05.12.2024 6TH IMCIDU<\/a><\/p>\n<p>&nbsp;<\/p>\n<p>&nbsp;<\/p>","protected":false},"excerpt":{"rendered":"<p>Bilimsel program a\u015fa\u011f\u0131daki gibidir. 05.12.2024 6TH IMCIDU &nbsp; &nbsp;<\/p>\n","protected":false},"author":1,"featured_media":0,"parent":0,"menu_order":0,"comment_status":"closed","ping_status":"closed","template":"","meta":{"footnotes":""},"class_list":["post-91","page","type-page","status-publish","hentry"],"_links":{"self":[{"href":"https:\/\/imcidu.idu.edu.tr\/index.php\/wp-json\/wp\/v2\/pages\/91","targetHints":{"allow":["GET"]}}],"collection":[{"href":"https:\/\/imcidu.idu.edu.tr\/index.php\/wp-json\/wp\/v2\/pages"}],"about":[{"href":"https:\/\/imcidu.idu.edu.tr\/index.php\/wp-json\/wp\/v2\/types\/page"}],"author":[{"embeddable":true,"href":"https:\/\/imcidu.idu.edu.tr\/index.php\/wp-json\/wp\/v2\/users\/1"}],"replies":[{"embeddable":true,"href":"https:\/\/imcidu.idu.edu.tr\/index.php\/wp-json\/wp\/v2\/comments?post=91"}],"version-history":[{"count":122,"href":"https:\/\/imcidu.idu.edu.tr\/index.php\/wp-json\/wp\/v2\/pages\/91\/revisions"}],"predecessor-version":[{"id":1280,"href":"https:\/\/imcidu.idu.edu.tr\/index.php\/wp-json\/wp\/v2\/pages\/91\/revisions\/1280"}],"wp:attachment":[{"href":"https:\/\/imcidu.idu.edu.tr\/index.php\/wp-json\/wp\/v2\/media?parent=91"}],"curies":[{"name":"wp","href":"https:\/\/api.w.org\/{rel}","templated":true}]}}