{"id":871,"date":"2021-11-10T09:50:20","date_gmt":"2021-11-10T09:50:20","guid":{"rendered":"http:\/\/imcidu.idu.edu.tr\/?page_id=871"},"modified":"2024-11-13T10:36:50","modified_gmt":"2024-11-13T10:36:50","slug":"bildiri-gonderimi-hakkinda","status":"publish","type":"page","link":"https:\/\/imcidu.idu.edu.tr\/index.php\/abstract-submission\/bildiri-gonderimi-hakkinda\/","title":{"rendered":"Bildiri Kurallar\u0131"},"content":{"rendered":"<p><strong>Bildiri G\u00f6nderim Kurallar\u0131 ve Bilgilendirme<\/strong><\/p>\n<p>Bildiri \u00f6zetleri kongre web sitesi \u00fczerinden online olarak, s\u00f6zl\u00fc bildiri ve poster bildiri ba\u015fl\u0131klar\u0131 alt\u0131nda g\u00f6nderilecektir. E-mail, posta vb. yolla g\u00f6nderilen bildiriler kabul edilmeyecektir. <strong>L\u00fctfen bildirilerinizi y\u00fcklerken sayfan\u0131n en alt\u0131nda yer alan comments k\u0131sm\u0131na &#8220;S\u00f6zl\u00fc Bildiri&#8221; ya da &#8220;Poster Bildiri&#8221; tercihinizi yaz\u0131n\u0131z.<\/strong><\/p>\n<p><strong>Bildiriler <\/strong>bilimsel \u00e7al\u0131\u015fmalar\u0131\u00a0kapsamaktad\u0131r.\u00a0<strong>\u00d6zg\u00fcn ara\u015ft\u0131rma bildiriler <\/strong>\u201cGiri\u015f ve Ama\u00e7, Gere\u00e7 ve Y\u00f6ntem, Bulgular, Tart\u0131\u015fma ve Sonu\u00e7\u201d \u015feklinde olmal\u0131d\u0131r. <strong>Olgu sunumu ve davetli olmayan derleme \u00e7al\u0131\u015fmalar\u0131 <\/strong>\u00a0\u201cGiri\u015f ve Ama\u00e7, Olgu Sunumu, Tart\u0131\u015fma ve Sonu\u00e7\u201d \u015feklinde yap\u0131land\u0131r\u0131lmal\u0131d\u0131r. Olgu sunumu ve davetli olmayan derleme \u00e7al\u0131\u015fmalar\u0131 <strong>poster bildiri<\/strong> olarak kabul edilecektir.<\/p>\n<p><strong>\u00d6zet bildiriler \u0130ngilizce, tam metin bildiriler \u0130ngilizce ya da T\u00fcrk\u00e7e g\u00f6nderilmelidir<\/strong>. <strong>S\u00f6zl\u00fc bildirilerin kabul edilmesi durumunda sunum dili T\u00fcrk\u00e7e ya da \u0130ngilizce olabilir.<\/strong><\/p>\n<p>\u00d6zet bildirilerin toplam kelime say\u0131s\u0131 (kaynaklar, tablo ve resim alt yaz\u0131lar\u0131 hari\u00e7) 500 kelimeyi a\u015fmamal\u0131d\u0131r.<\/p>\n<p>Bildiriler sisteme y\u00fcklenirken sunulan bildiriyi a\u00e7\u0131klay\u0131c\u0131 \u00f6zellikte en fazla 4 resim ve\/veya 2 tablo sisteme y\u00fcklenmelidir. Y\u00fcklenen resimlerde hasta, hastane-departman bilgisi kald\u0131r\u0131lmal\u0131, resimler \u2018a,b,c\u2019 vb. \u015feklinde adland\u0131r\u0131lmal\u0131, resimlerdeki bulgular \u2018ok, ok ba\u015f\u0131\u2019 vb. belirte\u00e7lerle i\u015faretlenmelidir. Bildirinin i\u00e7erisinde yazarlar\u0131n kimli\u011fini, do\u011frudan veya dolayl\u0131 \u015fekilde, ifade eden her t\u00fcrl\u00fc bilgi gizlenmi\u015f olmal\u0131d\u0131r.<\/p>\n<p>Bildiriler hakemler taraf\u0131ndan de\u011ferlendirildikten sonra kabul edilip edilmedi\u011fi elektronik posta yolu ile bildirilecektir.<\/p>\n<p>S\u00f6zl\u00fc bildiriler i\u00e7in\u00a0<strong>bildiriyi sunan <\/strong>yazar\u0131n, elektronik poster bildirileri i\u00e7in\u00a0<strong>yazar listesinde yer alan en az bir yazar\u0131n kongre kayd\u0131\u00a0<\/strong>yap\u0131lm\u0131\u015f olmal\u0131d\u0131r.<\/p>\n<p>Kongreye kay\u0131t yapt\u0131rmam\u0131\u015f olan yazarlar\u0131n bildirileri online <strong>kongre bildiri kitab\u0131nda yer almayacakt\u0131r.<\/strong><\/p>\n<p>Yazarlar\u0131n iste\u011fine ba\u011fl\u0131 olarak tam metin bildiriler \u00f6zet bildirilerin kabul\u00fc sonras\u0131 ayr\u0131ca de\u011ferlendirilecektir.\u00a0Tam metin bildiriler en fazla 1500 kelime uzunlu\u011funda olmal\u0131d\u0131r.<\/p>\n<p>Bildiriler sisteme \u00f6zet bildiri \u015feklinde y\u00fcklenip kabul edilmesi durumunda tam metin bildiri \u015feklinde y\u00fcklenebilecektir. Ayr\u0131ca arzu eden yazarlar kabul edilen \u00f6zet bildirilerinin tam metin \u015feklini y\u00fcklemeden \u00f6zet bildiri olarak kalmas\u0131n\u0131 tercih edebilirler.<\/p>\n<p><strong>Poster Bildiri Hakk\u0131nda<\/strong><\/p>\n<p>Poster; geni\u015fli\u011fi 70 cm, uzunlu\u011fu 90 cm olacak \u015fekilde ve tek par\u00e7a haz\u0131rlanmal\u0131d\u0131r. Bildiri yazarlar\u0131n\u0131n isimleri unvan bildirilmeden yaz\u0131lmal\u0131, posteri sunacak yazar\u0131n ad\u0131n\u0131n alt\u0131 \u00e7izilmi\u015f olmal\u0131d\u0131r. Posterler, d\u00fczenleme kurulunca duyurulan tarih ve saatte uygun yere as\u0131lmal\u0131d\u0131r.<\/p>\n<p>Posterlerle ilgili bilgilendirme ayr\u0131ca yap\u0131lacakt\u0131r.<\/p>\n<p><strong>Bildiri Son G\u00f6nderim Tarihi<\/strong><\/p>\n<p>Kongre Bilim Kurulu taraf\u0131ndan bildiri \u00f6zeti son g\u00f6nderim tarihi<\/p>\n<h2><strong><span style=\"color: #ff0000;\">15 Kas\u0131m 2024<\/span><\/strong><\/h2>\n<p>olarak belirlenmi\u015ftir.<\/p>\n<p>Kabul edilen bildiriler i\u00e7in tam metin son g\u00f6nderim tarihi\u00a0 <span style=\"color: #ff0000;\"><strong>22 KASIM 2024<\/strong><\/span>\u00a0olarak belirlenmi\u015ftir.<\/p>\n<p>Bildiri g\u00f6ndermek i\u00e7in <a href=\"http:\/\/imcidu.idu.edu.tr\/kongre\/openconf.php\">t\u0131klay\u0131n\u0131z.<\/a><\/p>\n<p>&nbsp;<\/p>","protected":false},"excerpt":{"rendered":"<p>Bildiri G\u00f6nderim Kurallar\u0131 ve Bilgilendirme Bildiri \u00f6zetleri kongre web sitesi \u00fczerinden online olarak, s\u00f6zl\u00fc bildiri ve poster bildiri ba\u015fl\u0131klar\u0131 alt\u0131nda g\u00f6nderilecektir. E-mail, posta vb. yolla g\u00f6nderilen bildiriler kabul edilmeyecektir. L\u00fctfen bildirilerinizi y\u00fcklerken sayfan\u0131n en alt\u0131nda yer alan comments k\u0131sm\u0131na &#8220;S\u00f6zl\u00fc Bildiri&#8221; ya da &#8220;Poster Bildiri&#8221; tercihinizi yaz\u0131n\u0131z. Bildiriler bilimsel \u00e7al\u0131\u015fmalar\u0131\u00a0kapsamaktad\u0131r.\u00a0\u00d6zg\u00fcn ara\u015ft\u0131rma bildiriler \u201cGiri\u015f ve Ama\u00e7,&#8230;<\/p>\n","protected":false},"author":1,"featured_media":0,"parent":85,"menu_order":5,"comment_status":"closed","ping_status":"closed","template":"","meta":{"footnotes":""},"class_list":["post-871","page","type-page","status-publish","hentry"],"_links":{"self":[{"href":"https:\/\/imcidu.idu.edu.tr\/index.php\/wp-json\/wp\/v2\/pages\/871","targetHints":{"allow":["GET"]}}],"collection":[{"href":"https:\/\/imcidu.idu.edu.tr\/index.php\/wp-json\/wp\/v2\/pages"}],"about":[{"href":"https:\/\/imcidu.idu.edu.tr\/index.php\/wp-json\/wp\/v2\/types\/page"}],"author":[{"embeddable":true,"href":"https:\/\/imcidu.idu.edu.tr\/index.php\/wp-json\/wp\/v2\/users\/1"}],"replies":[{"embeddable":true,"href":"https:\/\/imcidu.idu.edu.tr\/index.php\/wp-json\/wp\/v2\/comments?post=871"}],"version-history":[{"count":11,"href":"https:\/\/imcidu.idu.edu.tr\/index.php\/wp-json\/wp\/v2\/pages\/871\/revisions"}],"predecessor-version":[{"id":1235,"href":"https:\/\/imcidu.idu.edu.tr\/index.php\/wp-json\/wp\/v2\/pages\/871\/revisions\/1235"}],"up":[{"embeddable":true,"href":"https:\/\/imcidu.idu.edu.tr\/index.php\/wp-json\/wp\/v2\/pages\/85"}],"wp:attachment":[{"href":"https:\/\/imcidu.idu.edu.tr\/index.php\/wp-json\/wp\/v2\/media?parent=871"}],"curies":[{"name":"wp","href":"https:\/\/api.w.org\/{rel}","templated":true}]}}