{"id":69,"date":"2019-07-04T08:02:38","date_gmt":"2019-07-04T08:02:38","guid":{"rendered":"http:\/\/172.16.16.52\/?page_id=69"},"modified":"2024-09-12T10:48:44","modified_gmt":"2024-09-12T10:48:44","slug":"davetli-konusmacilar","status":"publish","type":"page","link":"https:\/\/imcidu.idu.edu.tr\/index.php\/davetli-konusmacilar\/","title":{"rendered":"Davetli Konu\u015fmac\u0131lar"},"content":{"rendered":"<p><strong>INTERNATIONAL INVITED SPEAKERS &#8211; IMCIDU-2024<\/strong><\/p>\n<p>K\u0131sa s\u00fcre i\u00e7erisinde a\u00e7\u0131klanacakt\u0131r.<\/p>","protected":false},"excerpt":{"rendered":"<p>INTERNATIONAL INVITED SPEAKERS &#8211; IMCIDU-2024 K\u0131sa s\u00fcre i\u00e7erisinde a\u00e7\u0131klanacakt\u0131r.<\/p>\n","protected":false},"author":1,"featured_media":0,"parent":0,"menu_order":0,"comment_status":"closed","ping_status":"closed","template":"","meta":{"footnotes":""},"class_list":["post-69","page","type-page","status-publish","hentry"],"_links":{"self":[{"href":"https:\/\/imcidu.idu.edu.tr\/index.php\/wp-json\/wp\/v2\/pages\/69","targetHints":{"allow":["GET"]}}],"collection":[{"href":"https:\/\/imcidu.idu.edu.tr\/index.php\/wp-json\/wp\/v2\/pages"}],"about":[{"href":"https:\/\/imcidu.idu.edu.tr\/index.php\/wp-json\/wp\/v2\/types\/page"}],"author":[{"embeddable":true,"href":"https:\/\/imcidu.idu.edu.tr\/index.php\/wp-json\/wp\/v2\/users\/1"}],"replies":[{"embeddable":true,"href":"https:\/\/imcidu.idu.edu.tr\/index.php\/wp-json\/wp\/v2\/comments?post=69"}],"version-history":[{"count":41,"href":"https:\/\/imcidu.idu.edu.tr\/index.php\/wp-json\/wp\/v2\/pages\/69\/revisions"}],"predecessor-version":[{"id":1213,"href":"https:\/\/imcidu.idu.edu.tr\/index.php\/wp-json\/wp\/v2\/pages\/69\/revisions\/1213"}],"wp:attachment":[{"href":"https:\/\/imcidu.idu.edu.tr\/index.php\/wp-json\/wp\/v2\/media?parent=69"}],"curies":[{"name":"wp","href":"https:\/\/api.w.org\/{rel}","templated":true}]}}