{"id":264,"date":"2019-08-16T09:49:37","date_gmt":"2019-08-16T09:49:37","guid":{"rendered":"http:\/\/172.16.16.52\/?page_id=264"},"modified":"2024-11-21T09:48:31","modified_gmt":"2024-11-21T09:48:31","slug":"anasayfa","status":"publish","type":"page","link":"https:\/\/imcidu.idu.edu.tr\/","title":{"rendered":"De\u011ferli Kat\u0131l\u0131mc\u0131lar"},"content":{"rendered":"<p>\u0130zmir Demokrasi \u00dcniversitesi taraf\u0131ndan d\u00fczenlenen <strong>6. Uluslararas\u0131 \u0130zmir Demokrasi \u00dcniversitesi T\u0131p Kongresi (IMCIDU 2024)<\/strong>\u00a0 <strong>05-06 Aral\u0131k 2024<\/strong>tarihleri aras\u0131nda ger\u00e7ekle\u015ftirilecektir.<\/p>\n<p>Temas\u0131 \u201c<strong>A\u011fr\u0131<\/strong>\u201d olan kongre program\u0131 s\u00fcresince, se\u00e7kin ulusal ve uluslararas\u0131 konu\u015fmac\u0131lar, alanlar\u0131ndaki g\u00fcncel bilgi ve \u00f6ne \u00e7\u0131kan yenilikleri payla\u015fman\u0131n yan\u0131 s\u0131ra gelecekteki tan\u0131 ve tedavi yakla\u015f\u0131mlar\u0131 hakk\u0131nda bilgilerini aktaracakt\u0131r.<\/p>\n<p>T\u0131bb\u0131n farkl\u0131 disiplinlerini kapsayan i\u00e7eri\u011fiyle kongre, farkl\u0131 uzmanl\u0131k alanlar\u0131nda \u00e7al\u0131\u015fan akademisyen meslekta\u015flar\u0131m\u0131z\u0131n ana tema \u00e7er\u00e7evesindeki de\u011ferli bilgi ve deneyimlerini di\u011fer meslekta\u015flar\u0131m\u0131zla bulu\u015fturmay\u0131 ama\u00e7lamaktad\u0131r. De\u011ferli bilim insanlar\u0131n\u0131, sa\u011fl\u0131k \u00e7al\u0131\u015fanlar\u0131n\u0131 ve \u00f6\u011frencileri akademik \u00e7al\u0131\u015fmalar\u0131n\u0131 sunmak \u00fczere kongreye davet etmekten memnuniyet duymaktay\u0131z.<\/p>\n<p>Ana tema d\u0131\u015f\u0131nda farkl\u0131 t\u0131p alanlar\u0131ndan ve konulardan \u00f6zetler de de\u011ferlendirilecektir.<br \/>\nTam metinler, kat\u0131l\u0131mc\u0131lar\u0131n talebi \u00fczerine bildiri kitab\u0131nda yer alacakt\u0131r.<\/p>\n<p><strong>6. Uluslararas\u0131 \u0130zmir Demokrasi \u00dcniversitesi T\u0131p Kongresi \u2013 IMCIDU 2024<\/strong>&#8216;te bulu\u015fmak dile\u011fiyle.<\/p>\n<p>Sayg\u0131lar\u0131m\u0131zla,<\/p>\n<p><strong>Kongre Ba\u015fkan\u0131<\/strong><\/p>\n<p>Prof. Dr. Bedriye Tun\u00e7siper<\/p>\n<p>&nbsp;<\/p>\n<p><img loading=\"lazy\" decoding=\"async\" class=\"alignnone wp-image-1226 \" src=\"http:\/\/imcidu.idu.edu.tr\/wp-content\/uploads\/2024\/09\/cropped-Banner-e1731574431415.png\" alt=\"6. \u0131mc\u0131du 2024 Banner\" width=\"919\" height=\"513\" srcset=\"https:\/\/imcidu.idu.edu.tr\/wp-content\/uploads\/2024\/09\/cropped-Banner-e1731574431415.png 754w, https:\/\/imcidu.idu.edu.tr\/wp-content\/uploads\/2024\/09\/cropped-Banner-e1731574431415-300x168.png 300w\" sizes=\"auto, (max-width: 919px) 100vw, 919px\" \/><\/p>","protected":false},"excerpt":{"rendered":"<p>\u0130zmir Demokrasi \u00dcniversitesi taraf\u0131ndan d\u00fczenlenen 6. Uluslararas\u0131 \u0130zmir Demokrasi \u00dcniversitesi T\u0131p Kongresi (IMCIDU 2024)\u00a0 05-06 Aral\u0131k 2024tarihleri aras\u0131nda ger\u00e7ekle\u015ftirilecektir. Temas\u0131 \u201cA\u011fr\u0131\u201d olan kongre program\u0131 s\u00fcresince, se\u00e7kin ulusal ve uluslararas\u0131 konu\u015fmac\u0131lar, alanlar\u0131ndaki g\u00fcncel bilgi ve \u00f6ne \u00e7\u0131kan yenilikleri payla\u015fman\u0131n yan\u0131 s\u0131ra gelecekteki tan\u0131 ve tedavi yakla\u015f\u0131mlar\u0131 hakk\u0131nda bilgilerini aktaracakt\u0131r. T\u0131bb\u0131n farkl\u0131 disiplinlerini kapsayan i\u00e7eri\u011fiyle kongre, farkl\u0131&#8230;<\/p>\n","protected":false},"author":1,"featured_media":0,"parent":0,"menu_order":0,"comment_status":"closed","ping_status":"closed","template":"","meta":{"footnotes":""},"class_list":["post-264","page","type-page","status-publish","hentry"],"_links":{"self":[{"href":"https:\/\/imcidu.idu.edu.tr\/index.php\/wp-json\/wp\/v2\/pages\/264","targetHints":{"allow":["GET"]}}],"collection":[{"href":"https:\/\/imcidu.idu.edu.tr\/index.php\/wp-json\/wp\/v2\/pages"}],"about":[{"href":"https:\/\/imcidu.idu.edu.tr\/index.php\/wp-json\/wp\/v2\/types\/page"}],"author":[{"embeddable":true,"href":"https:\/\/imcidu.idu.edu.tr\/index.php\/wp-json\/wp\/v2\/users\/1"}],"replies":[{"embeddable":true,"href":"https:\/\/imcidu.idu.edu.tr\/index.php\/wp-json\/wp\/v2\/comments?post=264"}],"version-history":[{"count":70,"href":"https:\/\/imcidu.idu.edu.tr\/index.php\/wp-json\/wp\/v2\/pages\/264\/revisions"}],"predecessor-version":[{"id":1262,"href":"https:\/\/imcidu.idu.edu.tr\/index.php\/wp-json\/wp\/v2\/pages\/264\/revisions\/1262"}],"wp:attachment":[{"href":"https:\/\/imcidu.idu.edu.tr\/index.php\/wp-json\/wp\/v2\/media?parent=264"}],"curies":[{"name":"wp","href":"https:\/\/api.w.org\/{rel}","templated":true}]}}