{"id":15,"date":"2019-07-03T11:25:09","date_gmt":"2019-07-03T11:25:09","guid":{"rendered":"http:\/\/172.16.16.52\/?page_id=15"},"modified":"2024-11-14T09:00:24","modified_gmt":"2024-11-14T09:00:24","slug":"iletisim","status":"publish","type":"page","link":"https:\/\/imcidu.idu.edu.tr\/index.php\/iletisim\/","title":{"rendered":"\u0130leti\u015fim"},"content":{"rendered":"<p>\u0130LET\u0130\u015e\u0130M B\u0130LG\u0130LER\u0130<\/p>\r\n<p>&nbsp;<\/p>\r\n<p><strong>E-mail:<\/strong>\u00a0<\/p>\r\n<p><a href=\"mailto:imcidu@idu.edu.tr\">imcidu@idu.edu.tr<\/a><\/p>\r\n<p>tip@idu.edu.tr<\/p>\r\n<p>&nbsp;<\/p>\r\n<p><strong>Adres:<\/strong><\/p>\r\n<p>\u0130zmir Demokrasi \u00dcniversitesi T\u0131p Fak\u00fcltesi<br \/>Mehmet Ali Akman Mah. No:12\/2\u00a0<\/p>\r\n<p>Konak \/ \u0130zmir \/ T\u00dcRK\u0130YE<\/p>\r\n<p>&nbsp;<\/p>\r\n<p><strong>Tel: <\/strong><\/p>\r\n<p>+ 90 232 299 08 08<\/p>\r\n<p>+90 232 299 08 40<\/p>\r\n<p>&nbsp;<\/p>\r\n<p>&nbsp;<\/p>\r\n<p>&nbsp;<\/p>\r\n\r\n<p><iframe loading=\"lazy\" style=\"border: 0;\" src=\"https:\/\/www.google.com\/maps\/embed?pb=!1m18!1m12!1m3!1d1563.531951153056!2d27.07269409377747!3d38.39377149540196!2m3!1f0!2f0!3f0!3m2!1i1024!2i768!4f13.1!3m3!1m2!1s0x14bbdc1c0b7b78af%3A0x59ca57d8ace5554e!2s%C4%B0zmir+Demokrasi+%C3%9Cniversitesi!5e0!3m2!1str!2str!4v1564041233146!5m2!1str!2str\" width=\"600\" height=\"450\" frameborder=\"0\" allowfullscreen=\"allowfullscreen\"><\/iframe><\/p>","protected":false},"excerpt":{"rendered":"<p>\u0130LET\u0130\u015e\u0130M B\u0130LG\u0130LER\u0130 &nbsp; E-mail:\u00a0 imcidu@idu.edu.tr tip@idu.edu.tr &nbsp; Adres: \u0130zmir Demokrasi \u00dcniversitesi T\u0131p Fak\u00fcltesiMehmet Ali Akman Mah. No:12\/2\u00a0 Konak \/ \u0130zmir \/ T\u00dcRK\u0130YE &nbsp; Tel: + 90 232 299 08 08 +90 232 299 08 40 &nbsp; &nbsp; &nbsp;<\/p>\n","protected":false},"author":1,"featured_media":0,"parent":0,"menu_order":0,"comment_status":"closed","ping_status":"closed","template":"","meta":{"footnotes":""},"class_list":["post-15","page","type-page","status-publish","hentry"],"_links":{"self":[{"href":"https:\/\/imcidu.idu.edu.tr\/index.php\/wp-json\/wp\/v2\/pages\/15","targetHints":{"allow":["GET"]}}],"collection":[{"href":"https:\/\/imcidu.idu.edu.tr\/index.php\/wp-json\/wp\/v2\/pages"}],"about":[{"href":"https:\/\/imcidu.idu.edu.tr\/index.php\/wp-json\/wp\/v2\/types\/page"}],"author":[{"embeddable":true,"href":"https:\/\/imcidu.idu.edu.tr\/index.php\/wp-json\/wp\/v2\/users\/1"}],"replies":[{"embeddable":true,"href":"https:\/\/imcidu.idu.edu.tr\/index.php\/wp-json\/wp\/v2\/comments?post=15"}],"version-history":[{"count":21,"href":"https:\/\/imcidu.idu.edu.tr\/index.php\/wp-json\/wp\/v2\/pages\/15\/revisions"}],"predecessor-version":[{"id":1247,"href":"https:\/\/imcidu.idu.edu.tr\/index.php\/wp-json\/wp\/v2\/pages\/15\/revisions\/1247"}],"wp:attachment":[{"href":"https:\/\/imcidu.idu.edu.tr\/index.php\/wp-json\/wp\/v2\/media?parent=15"}],"curies":[{"name":"wp","href":"https:\/\/api.w.org\/{rel}","templated":true}]}}