{"id":149,"date":"2019-07-10T07:13:01","date_gmt":"2019-07-10T07:13:01","guid":{"rendered":"http:\/\/172.16.16.52\/?page_id=149"},"modified":"2024-11-14T09:51:27","modified_gmt":"2024-11-14T09:51:27","slug":"bilim-kurulu","status":"publish","type":"page","link":"https:\/\/imcidu.idu.edu.tr\/index.php\/committees\/bilim-kurulu\/","title":{"rendered":"Bilimsel Kurul"},"content":{"rendered":"<p><\/p>\n<p style=\"text-align: center;\"><strong>B\u0130L\u0130MSEL KURUL<\/strong><\/p>\n<p>Dr. Abdullah \u0130nal<br \/>\nDr. Atilla Hikmet \u00c7ilengir<br \/>\nDr. Aysel Ba\u015fer<br \/>\nDr.\u00a0 Ay\u015fe G\u00fclden Diniz \u00dcnl\u00fc<br \/>\nDr. Ay\u015fe \u015eim\u015fek<br \/>\nDr. Ba\u015fak Yavuz<br \/>\nDr. Berna Dirim Mete<br \/>\nDr. Burak Cem Soner<br \/>\nDr. Burcu Acar \u00c7inleti<br \/>\nDr. Can Duman<br \/>\nDr. Elif B\u00f6nc\u00fco\u011flu<br \/>\nDr. Emine M\u00fcge Karakayal\u0131<br \/>\nDr. Fatma Asl\u0131 Hapa<br \/>\nDr. Fulya Yaprak Erkmen<br \/>\nDr. G\u00fcls\u00fcm Derya Akta\u015f<br \/>\nDr. G\u00f6rkem Yava\u015f<br \/>\nDr. Hakan Cici<br \/>\nDr. Hakan G\u00fclmez<br \/>\nDr. \u0130stemihan \u00c7oban<br \/>\nDr. Kamil Yamak<br \/>\nDr. Mehmet Ey\u00fcbo\u011flu<br \/>\nDr. Mehmet Kirazlar<br \/>\nDr. Mukaddes \u00c7olako\u011fullar\u0131<br \/>\nDr. Murat An\u0131l<br \/>\nDr. Neslihan D\u00fczenli<br \/>\nDr. Nurbanu Sezak<br \/>\nDr. O\u011fuzhan Tano\u011flu<br \/>\nDr. Onur Engin<br \/>\nDr. Osman Hasan Tahsin K\u0131l\u0131\u00e7<br \/>\nDr. \u00d6nay Ger\u00e7ik<br \/>\nDr. Pelin K\u0131yat \u00d6zalp<br \/>\nDr. P\u0131nar Ayvat<br \/>\nDr. P\u0131nar K\u0131l\u0131\u00e7aslan Chatzelinis<br \/>\nDr. P\u0131nar Uran Kurtg\u00f6z<br \/>\nDr. Rezan Karaali<br \/>\nDr. Sel\u00e7uk Erk\u0131l\u0131n\u00e7<br \/>\nDr. Sevin\u00e7 Hepkar\u015f\u0131<br \/>\nDr. Suzan \u015eahin<br \/>\nDr. \u015eefik Kaan Y\u00fccel<br \/>\nDr. Tevfik Berk Bildac\u0131<br \/>\nDr. Tu\u011f\u00e7e Mengi<br \/>\nDr. Turgay Turan<br \/>\nDr. Umut Varol<br \/>\nDr. \u00dcmm\u00fc Ta\u015f<br \/>\nDr. Yasemen Adal\u0131 Ru\u015fen<br \/>\nDr. Yunus Erol Bozkurt<br \/>\nDr. Zeynep Sofuo\u011flu<br \/>\nDr.\u00a0 Zeynep G\u00fclden S\u00f6nmez Tamer<\/p>","protected":false},"excerpt":{"rendered":"<p>B\u0130L\u0130MSEL KURUL Dr. Abdullah \u0130nal Dr. Atilla Hikmet \u00c7ilengir Dr. Aysel Ba\u015fer Dr.\u00a0 Ay\u015fe G\u00fclden Diniz \u00dcnl\u00fc Dr. Ay\u015fe \u015eim\u015fek Dr. Ba\u015fak Yavuz Dr. Berna Dirim Mete Dr. Burak Cem Soner Dr. Burcu Acar \u00c7inleti Dr. Can Duman Dr. Elif B\u00f6nc\u00fco\u011flu Dr. Emine M\u00fcge Karakayal\u0131 Dr. Fatma Asl\u0131 Hapa Dr. Fulya Yaprak Erkmen Dr. G\u00fcls\u00fcm&#8230;<\/p>\n","protected":false},"author":1,"featured_media":0,"parent":83,"menu_order":0,"comment_status":"closed","ping_status":"closed","template":"","meta":{"footnotes":""},"class_list":["post-149","page","type-page","status-publish","hentry"],"_links":{"self":[{"href":"https:\/\/imcidu.idu.edu.tr\/index.php\/wp-json\/wp\/v2\/pages\/149","targetHints":{"allow":["GET"]}}],"collection":[{"href":"https:\/\/imcidu.idu.edu.tr\/index.php\/wp-json\/wp\/v2\/pages"}],"about":[{"href":"https:\/\/imcidu.idu.edu.tr\/index.php\/wp-json\/wp\/v2\/types\/page"}],"author":[{"embeddable":true,"href":"https:\/\/imcidu.idu.edu.tr\/index.php\/wp-json\/wp\/v2\/users\/1"}],"replies":[{"embeddable":true,"href":"https:\/\/imcidu.idu.edu.tr\/index.php\/wp-json\/wp\/v2\/comments?post=149"}],"version-history":[{"count":94,"href":"https:\/\/imcidu.idu.edu.tr\/index.php\/wp-json\/wp\/v2\/pages\/149\/revisions"}],"predecessor-version":[{"id":1252,"href":"https:\/\/imcidu.idu.edu.tr\/index.php\/wp-json\/wp\/v2\/pages\/149\/revisions\/1252"}],"up":[{"embeddable":true,"href":"https:\/\/imcidu.idu.edu.tr\/index.php\/wp-json\/wp\/v2\/pages\/83"}],"wp:attachment":[{"href":"https:\/\/imcidu.idu.edu.tr\/index.php\/wp-json\/wp\/v2\/media?parent=149"}],"curies":[{"name":"wp","href":"https:\/\/api.w.org\/{rel}","templated":true}]}}