{"id":146,"date":"2019-07-10T07:12:00","date_gmt":"2019-07-10T07:12:00","guid":{"rendered":"http:\/\/172.16.16.52\/?page_id=146"},"modified":"2024-11-28T08:22:50","modified_gmt":"2024-11-28T08:22:50","slug":"duzenleme-kurulu","status":"publish","type":"page","link":"https:\/\/imcidu.idu.edu.tr\/index.php\/committees\/duzenleme-kurulu\/","title":{"rendered":"D\u00fczenleme Kurulu"},"content":{"rendered":"<p><strong>Genel Chair<\/strong><\/p>\n<p>Prof. Dr. Bedriye Tun\u00e7siper (Rector, Izmir Democracy University)<\/p>\n<p>&nbsp;<\/p>\n<p><strong>Chair of The Organizing Committee<\/strong><\/p>\n<p>Prof. Dr. Berna Dirim Mete (Dean, Izmir Democracy University Faculty of Medicine)<\/p>\n<p>&nbsp;<\/p>\n<p><strong>Organizing Committee<\/strong><\/p>\n<p>Ay\u015fe G\u00fclden Diniz \u00dcnl\u00fc, MD. Prof.<\/p>\n<p>Can Duman, MD. Prof.<\/p>\n<p>Murat An\u0131l, MD. Prof.<\/p>\n<p>Zeynep G\u00fclden S\u00f6nmez Tamer, MD. Prof.<\/p>\n<p>Umut Varol, MD. Prof.<\/p>\n<p>Kaan Y\u00fccel, MD. Prof.<\/p>\n<p>Burak Cem Soner, MD. Prof.<\/p>\n<p>Asl\u0131 Hapa, MD.\u00a0 Prof.<\/p>\n<p>Hakan G\u00fclmez, MD, Assoc. Prof.<\/p>\n<p>Ba\u015fak Yavuz, MD, Assoc. Prof.<\/p>\n<p>Zeynep Sofuo\u011flu, MD, Assoc. Prof.<\/p>\n<p>P\u0131nar Uran Kurtg\u00f6z, MD, Assoc. Prof.<\/p>\n<p>Turgay Turan, MD. Assoc. Prof.<\/p>\n<p>Rezan Karaali, MD. Assoc. Prof.<\/p>\n<p>Sel\u00e7uk Erk\u0131l\u0131n\u00e7, MD, Assoc. Prof.<\/p>\n<p>Mehmet Ey\u00fcbo\u011flu, MD, Assoc. Prof.<\/p>\n<p>Yasemen Adal\u0131 Ru\u015fen, MD. Assoc. Prof.<\/p>\n<p>O\u011fuzhan Tano\u011flu, MD. Assoc. Prof.<\/p>\n<p>P\u0131nar Ayvat, MD. Assoc. Prof.<\/p>\n<p>Tevfik Berk Bildac\u0131, MD. Assoc. Prof.<\/p>\n<p>Aysel Ba\u015fer, MD, Asst. Prof.<\/p>\n<p>Osman Hasan Tahsin K\u0131l\u0131\u00e7, MD, Asst. Prof.<\/p>\n<p>M\u00fcge Karakayal\u0131, MD, Asst. Prof.<\/p>\n<p>Suzan \u015eahin, MD, Asst. Prof.<\/p>\n<p>Nurbanu Sezak, MD. Asst. Prof.<\/p>\n<p>Ay\u015fe \u015eim\u015fek, MD, Asst. Prof.<\/p>\n<p>Burcu \u00d6nal \u00c7inleti, MD, Asst. Prof.<\/p>\n<p>\u00d6nay Ger\u00e7ik, MD, Asst. Prof.<\/p>\n<p>Abdullah \u0130nal, MD, Asst. Prof.<\/p>\n<p>Atilla \u00c7ilengir, MD, Asst. Prof.<\/p>\n<p>\u0130stemihan \u00c7oban, MD, Asst. Prof.<\/p>\n<p>Onur Engin, MD, Asst. Prof.<\/p>\n<p>Fulya Yaprak, MD, Asst. Prof.<\/p>\n<p>Kamil Yamak, MD. Asst. Prof.<\/p>\n<p>Tu\u011f\u00e7e Mengi, MD. Asst. Prof.<\/p>\n<p>\u00dcmm\u00fc Ta\u015f, MD. Asst. Prof.<\/p>\n<p>Elif B\u00f6nc\u00fco\u011flu, MD. Asst. Prof.<\/p>\n<p>Yunus Erol Bozkurt, MD. Asst. Prof.<\/p>\n<p>Sevin\u00e7 Hepkar\u015f\u0131, MD. Asst. Prof.<\/p>\n<p>Hakan Cici, MD. Asst. Prof.<\/p>\n<p>Pelin K\u0131yat \u00d6zalp, MD. Asst. Prof.<\/p>\n<p>P\u0131nar K\u0131l\u0131\u00e7aslan Chatzelinis, MD. Asst. Prof.<\/p>\n<p>Ay\u015fe \u00c7i\u011fel, MD. Asst. Prof.<\/p>\n<p>Sercan Ayd\u0131n, MD. Asst. Prof.<\/p>\n<p>Neslihan D\u00fczenli, MD, Lecturer<\/p>\n<p>G\u00fcls\u00fcm Derya Akta\u015f, MD, Lecturer<\/p>\n<p>Mehmet Kirazlar, MD, Lecturer<\/p>\n<p><strong>Secreteria<\/strong><\/p>\n<p>Kaan Y\u00fccel, MD, Prof.<\/p>\n<p>Sevin\u00e7 Hepkar\u015f\u0131, MD, Asst. Prof.<\/p>\n<p>Sercan Ayd\u0131n, MD, Asst. Prof.<\/p>\n<p>\u0130stemihan \u00c7oban, MD. Asst. Prof.<\/p>\n<div id=\"gtx-trans\" style=\"position: absolute; left: 146px; top: 1328px;\">\n<div class=\"gtx-trans-icon\"><\/div>\n<\/div>\n<p><\/p>","protected":false},"excerpt":{"rendered":"<p>Genel Chair Prof. Dr. Bedriye Tun\u00e7siper (Rector, Izmir Democracy University) &nbsp; Chair of The Organizing Committee Prof. Dr. Berna Dirim Mete (Dean, Izmir Democracy University Faculty of Medicine) &nbsp; Organizing Committee Ay\u015fe G\u00fclden Diniz \u00dcnl\u00fc, MD. Prof. Can Duman, MD. Prof. Murat An\u0131l, MD. Prof. Zeynep G\u00fclden S\u00f6nmez Tamer, MD. Prof. Umut Varol, MD. Prof&#8230;.<\/p>\n","protected":false},"author":1,"featured_media":0,"parent":83,"menu_order":0,"comment_status":"closed","ping_status":"closed","template":"","meta":{"footnotes":""},"class_list":["post-146","page","type-page","status-publish","hentry"],"_links":{"self":[{"href":"https:\/\/imcidu.idu.edu.tr\/index.php\/wp-json\/wp\/v2\/pages\/146","targetHints":{"allow":["GET"]}}],"collection":[{"href":"https:\/\/imcidu.idu.edu.tr\/index.php\/wp-json\/wp\/v2\/pages"}],"about":[{"href":"https:\/\/imcidu.idu.edu.tr\/index.php\/wp-json\/wp\/v2\/types\/page"}],"author":[{"embeddable":true,"href":"https:\/\/imcidu.idu.edu.tr\/index.php\/wp-json\/wp\/v2\/users\/1"}],"replies":[{"embeddable":true,"href":"https:\/\/imcidu.idu.edu.tr\/index.php\/wp-json\/wp\/v2\/comments?post=146"}],"version-history":[{"count":51,"href":"https:\/\/imcidu.idu.edu.tr\/index.php\/wp-json\/wp\/v2\/pages\/146\/revisions"}],"predecessor-version":[{"id":1268,"href":"https:\/\/imcidu.idu.edu.tr\/index.php\/wp-json\/wp\/v2\/pages\/146\/revisions\/1268"}],"up":[{"embeddable":true,"href":"https:\/\/imcidu.idu.edu.tr\/index.php\/wp-json\/wp\/v2\/pages\/83"}],"wp:attachment":[{"href":"https:\/\/imcidu.idu.edu.tr\/index.php\/wp-json\/wp\/v2\/media?parent=146"}],"curies":[{"name":"wp","href":"https:\/\/api.w.org\/{rel}","templated":true}]}}