{"id":13,"date":"2019-07-03T11:24:21","date_gmt":"2019-07-03T11:24:21","guid":{"rendered":"http:\/\/172.16.16.52\/?page_id=13"},"modified":"2024-11-21T09:49:57","modified_gmt":"2024-11-21T09:49:57","slug":"onemli-tarihler","status":"publish","type":"page","link":"https:\/\/imcidu.idu.edu.tr\/index.php\/onemli-tarihler\/","title":{"rendered":"\u00d6nemli Tarihler"},"content":{"rendered":"<h2>Son \u00d6zet G\u00f6nderim Tarihi: <strong><span style=\"color: #ff0000;\">22 Kas\u0131m 2024<\/span><\/strong><\/h2>\r\n<h2>Tam Metinlerin Son G\u00f6nderim Tarihi: <strong><span style=\"color: #ff0000;\">25 Kas\u0131m\u00a0 2024<\/span><\/strong><\/h2>\r\n<h2><strong>IMCIDU 2024: 05 &#8211; 06 Aral\u0131k 2024<\/strong><\/h2>\r\n<h2>\u00a0<\/h2>\r\n<div id=\"gtx-trans\" style=\"position: absolute; left: 327px; top: 40px;\">\r\n<div class=\"gtx-trans-icon\">\u00a0<\/div>\r\n<\/div>","protected":false},"excerpt":{"rendered":"<p>Son \u00d6zet G\u00f6nderim Tarihi: 22 Kas\u0131m 2024 Tam Metinlerin Son G\u00f6nderim Tarihi: 25 Kas\u0131m\u00a0 2024 IMCIDU 2024: 05 &#8211; 06 Aral\u0131k 2024 \u00a0 \u00a0<\/p>\n","protected":false},"author":1,"featured_media":0,"parent":0,"menu_order":0,"comment_status":"closed","ping_status":"closed","template":"","meta":{"footnotes":""},"class_list":["post-13","page","type-page","status-publish","hentry"],"_links":{"self":[{"href":"https:\/\/imcidu.idu.edu.tr\/index.php\/wp-json\/wp\/v2\/pages\/13","targetHints":{"allow":["GET"]}}],"collection":[{"href":"https:\/\/imcidu.idu.edu.tr\/index.php\/wp-json\/wp\/v2\/pages"}],"about":[{"href":"https:\/\/imcidu.idu.edu.tr\/index.php\/wp-json\/wp\/v2\/types\/page"}],"author":[{"embeddable":true,"href":"https:\/\/imcidu.idu.edu.tr\/index.php\/wp-json\/wp\/v2\/users\/1"}],"replies":[{"embeddable":true,"href":"https:\/\/imcidu.idu.edu.tr\/index.php\/wp-json\/wp\/v2\/comments?post=13"}],"version-history":[{"count":44,"href":"https:\/\/imcidu.idu.edu.tr\/index.php\/wp-json\/wp\/v2\/pages\/13\/revisions"}],"predecessor-version":[{"id":1266,"href":"https:\/\/imcidu.idu.edu.tr\/index.php\/wp-json\/wp\/v2\/pages\/13\/revisions\/1266"}],"wp:attachment":[{"href":"https:\/\/imcidu.idu.edu.tr\/index.php\/wp-json\/wp\/v2\/media?parent=13"}],"curies":[{"name":"wp","href":"https:\/\/api.w.org\/{rel}","templated":true}]}}